{"id":1171,"date":"2016-07-28T12:55:56","date_gmt":"2016-07-28T10:55:56","guid":{"rendered":"http:\/\/pm-schmedding.com\/?page_id=1171"},"modified":"2016-07-28T13:00:57","modified_gmt":"2016-07-28T11:00:57","slug":"research-reseller-package","status":"publish","type":"page","link":"https:\/\/www.pm-schmedding.de\/?page_id=1171","title":{"rendered":"Research &#038; Reseller Package"},"content":{"rendered":"<p>Wir bieten f\u00fcr interessierte Reseller und Researcher Download-Packages mit ausf\u00fchrlichem Informationsmaterial an. Bei Interesse k\u00f6nnen Sie einen Download-Code unter <a href=\"mailto:info@pm-schmedding.de?subject=Anforderung%20Download-Code\">info@pm-schmedding.de<\/a> unter Angabe des Verwendungszwecks anfordern.<\/p>\n<h3>Download<\/h3>\n<p>Sollten Sie bereits einen Download-Code erhalten haben, so k\u00f6nnen Sie diesen im folgenden Eingabefeld eingeben und erhalten daraufhin Ihren pers\u00f6nlichen Downloadlink.<\/p>\n<p>[download-code]<\/p>\n","protected":false},"excerpt":{"rendered":"<p>Wir bieten f\u00fcr interessierte Reseller und Researcher Download-Packages mit ausf\u00fchrlichem Informationsmaterial an. Bei Interesse k\u00f6nnen Sie einen Download-Code unter info@pm-schmedding.de unter Angabe des Verwendungszwecks anfordern. Download Sollten Sie bereits einen Download-Code erhalten haben, so k\u00f6nnen Sie diesen im folgenden Eingabefeld eingeben und erhalten daraufhin Ihren pers\u00f6nlichen Downloadlink. [download-code]<\/p>\n","protected":false},"author":1,"featured_media":0,"parent":0,"menu_order":0,"comment_status":"closed","ping_status":"closed","template":"","meta":{"footnotes":""},"class_list":["post-1171","page","type-page","status-publish","hentry"],"_links":{"self":[{"href":"https:\/\/www.pm-schmedding.de\/index.php?rest_route=\/wp\/v2\/pages\/1171","targetHints":{"allow":["GET"]}}],"collection":[{"href":"https:\/\/www.pm-schmedding.de\/index.php?rest_route=\/wp\/v2\/pages"}],"about":[{"href":"https:\/\/www.pm-schmedding.de\/index.php?rest_route=\/wp\/v2\/types\/page"}],"author":[{"embeddable":true,"href":"https:\/\/www.pm-schmedding.de\/index.php?rest_route=\/wp\/v2\/users\/1"}],"replies":[{"embeddable":true,"href":"https:\/\/www.pm-schmedding.de\/index.php?rest_route=%2Fwp%2Fv2%2Fcomments&post=1171"}],"version-history":[{"count":16,"href":"https:\/\/www.pm-schmedding.de\/index.php?rest_route=\/wp\/v2\/pages\/1171\/revisions"}],"predecessor-version":[{"id":1672,"href":"https:\/\/www.pm-schmedding.de\/index.php?rest_route=\/wp\/v2\/pages\/1171\/revisions\/1672"}],"wp:attachment":[{"href":"https:\/\/www.pm-schmedding.de\/index.php?rest_route=%2Fwp%2Fv2%2Fmedia&parent=1171"}],"curies":[{"name":"wp","href":"https:\/\/api.w.org\/{rel}","templated":true}]}}