{"id":135,"date":"2013-06-07T17:51:53","date_gmt":"2013-06-07T15:51:53","guid":{"rendered":"http:\/\/pm-schmedding.com\/?page_id=135"},"modified":"2015-05-04T13:22:33","modified_gmt":"2015-05-04T11:22:33","slug":"hsl-platten","status":"publish","type":"page","link":"https:\/\/www.pm-schmedding.de\/?page_id=135","title":{"rendered":"HSK-Platten"},"content":{"rendered":"<div  class='flex_column av-av_one_full-2a9015ff38129c418a3f2eafba3e9512 av_one_full  avia-builder-el-0  el_before_av_one_half  avia-builder-el-first  first flex_column_div  '     ><section  class='av_textblock_section av-av_textblock-0366cc7376be6c9e82a3e9cc8987b64f '   itemscope=\"itemscope\" itemtype=\"https:\/\/schema.org\/CreativeWork\" ><div class='avia_textblock'  itemprop=\"text\" ><h3>Verpackungen &amp; Verpackungsl\u00f6sungen aus Kunststoff &#8211; Hohlkammer &#8211; Stegplatten<\/h3>\n<h5>Vom Kunststoff-Halbzeug bis zur Kundenl\u00f6sung<\/h5>\n<p>In Zusammenarbeit mit Kooperationspartnern bieten wir Ihnen u.a. folgende Produkte an:<\/p>\n<\/div><\/section><\/div><div  class='flex_column av-av_one_half-2a9015ff38129c418a3f2eafba3e9512 av_one_half  avia-builder-el-2  el_after_av_one_full  el_before_av_one_half  first flex_column_div  column-top-margin'     ><style type=\"text\/css\" data-created_by=\"avia_inline_auto\" id=\"style-css-av-av_image-bc05b8ec3a33e265770143360ef7ad56\">\n.avia-image-container.av-av_image-bc05b8ec3a33e265770143360ef7ad56 img.avia_image{\nbox-shadow:none;\n}\n.avia-image-container.av-av_image-bc05b8ec3a33e265770143360ef7ad56 .av-image-caption-overlay-center{\ncolor:#ffffff;\n}\n<\/style>\n<div  class='avia-image-container av-av_image-bc05b8ec3a33e265770143360ef7ad56 av-styling- avia-align-center  avia-builder-el-3  avia-builder-el-no-sibling '   itemprop=\"image\" itemscope=\"itemscope\" itemtype=\"https:\/\/schema.org\/ImageObject\" ><div class=\"avia-image-container-inner\"><div class=\"avia-image-overlay-wrap\"><img decoding=\"async\" fetchpriority=\"high\" class='wp-image- avia-img-lazy-loading-not- avia_image ' src=\"http:\/\/pm-schmedding.com\/wp-content\/uploads\/2013\/06\/steguebers.jpg\" alt='' title=''   itemprop=\"thumbnailUrl\"  \/><\/div><\/div><\/div><\/div><\/p>\n<div  class='flex_column av-av_one_half-1c47c10d9dd6b9bc0b68f292c1cf5942 av_one_half  avia-builder-el-4  el_after_av_one_half  el_before_av_one_half  flex_column_div  column-top-margin'     ><section  class='av_textblock_section av-av_textblock-aaf3a53f7e22769a7798f31e42769683 '   itemscope=\"itemscope\" itemtype=\"https:\/\/schema.org\/CreativeWork\" ><div class='avia_textblock'  itemprop=\"text\" ><h3>Kunststoff Hohlkammer Gefach<\/h3>\n<h5>f\u00fcr Transportbeh\u00e4lter in Euro-Palettengr\u00f6\u00dfe<\/h5>\n<p>Automobilindustrie-Gefachsatz\u00a0zum schonenden Transport von lackierten Karosserieteilen ohne Kratzer vom Herstellungsort bis zur Montage.<\/p>\n<\/div><\/section><br \/>\n\n<style type=\"text\/css\" data-created_by=\"avia_inline_auto\" id=\"style-css-av-av_gallery-9ca143491ebbf250daf1161fd96b13c6\">\n#top .avia-gallery.av-av_gallery-9ca143491ebbf250daf1161fd96b13c6 .avia-gallery-thumb a{\nwidth:25%;\n}\n<\/style>\n<div  class='avia-gallery av-av_gallery-9ca143491ebbf250daf1161fd96b13c6 avia_animate_when_visible  avia-builder-el-6  el_after_av_textblock  avia-builder-el-last  avia_lazyload avia-gallery-animate avia-gallery-1'  itemprop=\"image\" itemscope=\"itemscope\" itemtype=\"https:\/\/schema.org\/ImageObject\" ><meta itemprop=\"contentURL\" content=\"https:\/\/www.pm-schmedding.de\/?page_id=135\"><div class='avia-gallery-thumb'><a href=\"https:\/\/www.pm-schmedding.de\/wp-content\/uploads\/2013\/06\/behaelt.jpg\" data-rel='gallery-1' data-prev-img='https:\/\/www.pm-schmedding.de\/wp-content\/uploads\/2013\/06\/behaelt.jpg' class='first_thumb lightbox ' data-onclick='1' title='behaelt'  itemprop=\"thumbnailUrl\"  ><img decoding=\"async\" fetchpriority=\"high\" class=\"wp-image-213 avia-img-lazy-loading-not-213\"   src=\"https:\/\/www.pm-schmedding.de\/wp-content\/uploads\/2013\/06\/behaelt.jpg\" width=\"173\" height=\"130\"  title='behaelt' alt='' \/><div class='big-prev-fake'><img decoding=\"async\" fetchpriority=\"high\" class=\"wp-image-213 avia-img-lazy-loading-not-213\"  width=\"173\" height=\"130\" src=\"https:\/\/www.pm-schmedding.de\/wp-content\/uploads\/2013\/06\/behaelt.jpg\" title='behaelt' alt='' \/><\/div><\/a><a href=\"https:\/\/www.pm-schmedding.de\/wp-content\/uploads\/2013\/06\/kgefach1.jpg\" data-rel='gallery-1' data-prev-img='https:\/\/www.pm-schmedding.de\/wp-content\/uploads\/2013\/06\/kgefach1.jpg' class='lightbox ' data-onclick='2' title='kgefach1'  itemprop=\"thumbnailUrl\"  ><img decoding=\"async\" fetchpriority=\"high\" class=\"wp-image-214 avia-img-lazy-loading-not-214\"   src=\"https:\/\/www.pm-schmedding.de\/wp-content\/uploads\/2013\/06\/kgefach1-180x180.jpg\" width=\"180\" height=\"180\"  title='kgefach1' alt='' srcset=\"https:\/\/www.pm-schmedding.de\/wp-content\/uploads\/2013\/06\/kgefach1-180x180.jpg 180w, https:\/\/www.pm-schmedding.de\/wp-content\/uploads\/2013\/06\/kgefach1-80x80.jpg 80w, https:\/\/www.pm-schmedding.de\/wp-content\/uploads\/2013\/06\/kgefach1-36x36.jpg 36w, https:\/\/www.pm-schmedding.de\/wp-content\/uploads\/2013\/06\/kgefach1-120x120.jpg 120w\" sizes=\"(max-width: 180px) 100vw, 180px\" \/><div class='big-prev-fake'><img decoding=\"async\" fetchpriority=\"high\" class=\"wp-image-214 avia-img-lazy-loading-not-214\"  width=\"256\" height=\"197\" src=\"https:\/\/www.pm-schmedding.de\/wp-content\/uploads\/2013\/06\/kgefach1.jpg\" title='kgefach1' alt='' \/><\/div><\/a><a href=\"https:\/\/www.pm-schmedding.de\/wp-content\/uploads\/2013\/06\/kgefach2.jpg\" data-rel='gallery-1' data-prev-img='https:\/\/www.pm-schmedding.de\/wp-content\/uploads\/2013\/06\/kgefach2.jpg' class='lightbox ' data-onclick='3' title='kgefach2'  itemprop=\"thumbnailUrl\"  ><img decoding=\"async\" fetchpriority=\"high\" class=\"wp-image-215 avia-img-lazy-loading-not-215\"   src=\"https:\/\/www.pm-schmedding.de\/wp-content\/uploads\/2013\/06\/kgefach2-180x180.jpg\" width=\"180\" height=\"180\"  title='kgefach2' alt='' srcset=\"https:\/\/www.pm-schmedding.de\/wp-content\/uploads\/2013\/06\/kgefach2-180x180.jpg 180w, https:\/\/www.pm-schmedding.de\/wp-content\/uploads\/2013\/06\/kgefach2-80x80.jpg 80w, https:\/\/www.pm-schmedding.de\/wp-content\/uploads\/2013\/06\/kgefach2-36x36.jpg 36w, https:\/\/www.pm-schmedding.de\/wp-content\/uploads\/2013\/06\/kgefach2-120x120.jpg 120w\" sizes=\"(max-width: 180px) 100vw, 180px\" \/><div class='big-prev-fake'><img decoding=\"async\" fetchpriority=\"high\" class=\"wp-image-215 avia-img-lazy-loading-not-215\"  width=\"260\" height=\"192\" src=\"https:\/\/www.pm-schmedding.de\/wp-content\/uploads\/2013\/06\/kgefach2.jpg\" title='kgefach2' alt='' \/><\/div><\/a><a href=\"https:\/\/www.pm-schmedding.de\/wp-content\/uploads\/2013\/06\/kgefach3.jpg\" data-rel='gallery-1' data-prev-img='https:\/\/www.pm-schmedding.de\/wp-content\/uploads\/2013\/06\/kgefach3.jpg' class='lightbox ' data-onclick='4' title='kgefach3'  itemprop=\"thumbnailUrl\"  ><img decoding=\"async\" fetchpriority=\"high\" class=\"wp-image-216 avia-img-lazy-loading-not-216\"   src=\"https:\/\/www.pm-schmedding.de\/wp-content\/uploads\/2013\/06\/kgefach3-180x180.jpg\" width=\"180\" height=\"180\"  title='kgefach3' alt='' srcset=\"https:\/\/www.pm-schmedding.de\/wp-content\/uploads\/2013\/06\/kgefach3-180x180.jpg 180w, https:\/\/www.pm-schmedding.de\/wp-content\/uploads\/2013\/06\/kgefach3-80x80.jpg 80w, https:\/\/www.pm-schmedding.de\/wp-content\/uploads\/2013\/06\/kgefach3-36x36.jpg 36w, https:\/\/www.pm-schmedding.de\/wp-content\/uploads\/2013\/06\/kgefach3-120x120.jpg 120w\" sizes=\"(max-width: 180px) 100vw, 180px\" \/><div class='big-prev-fake'><img decoding=\"async\" fetchpriority=\"high\" class=\"wp-image-216 avia-img-lazy-loading-not-216\"  width=\"263\" height=\"203\" src=\"https:\/\/www.pm-schmedding.de\/wp-content\/uploads\/2013\/06\/kgefach3.jpg\" title='kgefach3' alt='' \/><\/div><\/a><\/div><\/div><\/p><\/div>\n<div  class='flex_column av-av_one_half-2a9015ff38129c418a3f2eafba3e9512 av_one_half  avia-builder-el-7  el_after_av_one_half  el_before_av_one_half  first flex_column_div  column-top-margin'     ><section  class='av_textblock_section av-av_textblock-aaf3a53f7e22769a7798f31e42769683 '   itemscope=\"itemscope\" itemtype=\"https:\/\/schema.org\/CreativeWork\" ><div class='avia_textblock'  itemprop=\"text\" ><h3>Kunststoff Hohlkammer Gefach<\/h3>\n<h5>f\u00fcr Stapelbeh\u00e4lter<\/h5>\n<p>Automobilindustrie-Gefachsatz f\u00fcr Stapelbeh\u00e4lter\u00a0zum sicheren Transport von verchromten Dreh- und Fr\u00e4steilen<\/p>\n<\/div><\/section><br \/>\n\n<style type=\"text\/css\" data-created_by=\"avia_inline_auto\" id=\"style-css-av-av_gallery-c2fa8e7200e956319ab97935f3166c2d\">\n#top .avia-gallery.av-av_gallery-c2fa8e7200e956319ab97935f3166c2d .avia-gallery-thumb a{\nwidth:16.6667%;\n}\n<\/style>\n<div  class='avia-gallery av-av_gallery-c2fa8e7200e956319ab97935f3166c2d avia_animate_when_visible  avia-builder-el-9  el_after_av_textblock  avia-builder-el-last  avia_lazyload avia-gallery-animate avia-gallery-2'  itemprop=\"image\" itemscope=\"itemscope\" itemtype=\"https:\/\/schema.org\/ImageObject\" ><meta itemprop=\"contentURL\" content=\"https:\/\/www.pm-schmedding.de\/?page_id=135\"><div class='avia-gallery-thumb'><a href=\"https:\/\/www.pm-schmedding.de\/wp-content\/uploads\/2013\/06\/kgefach4.jpg\" data-rel='gallery-2' data-prev-img='https:\/\/www.pm-schmedding.de\/wp-content\/uploads\/2013\/06\/kgefach4.jpg' class='first_thumb lightbox ' data-onclick='1' title='kgefach4'  itemprop=\"thumbnailUrl\"  ><img decoding=\"async\" fetchpriority=\"high\" class=\"wp-image-218 avia-img-lazy-loading-not-218\"   src=\"https:\/\/www.pm-schmedding.de\/wp-content\/uploads\/2013\/06\/kgefach4-180x180.jpg\" width=\"180\" height=\"180\"  title='kgefach4' alt='' srcset=\"https:\/\/www.pm-schmedding.de\/wp-content\/uploads\/2013\/06\/kgefach4-180x180.jpg 180w, https:\/\/www.pm-schmedding.de\/wp-content\/uploads\/2013\/06\/kgefach4-80x80.jpg 80w, https:\/\/www.pm-schmedding.de\/wp-content\/uploads\/2013\/06\/kgefach4-36x36.jpg 36w, https:\/\/www.pm-schmedding.de\/wp-content\/uploads\/2013\/06\/kgefach4-120x120.jpg 120w\" sizes=\"(max-width: 180px) 100vw, 180px\" \/><div class='big-prev-fake'><img decoding=\"async\" fetchpriority=\"high\" class=\"wp-image-218 avia-img-lazy-loading-not-218\"  width=\"261\" height=\"200\" src=\"https:\/\/www.pm-schmedding.de\/wp-content\/uploads\/2013\/06\/kgefach4.jpg\" title='kgefach4' alt='' \/><\/div><\/a><a href=\"https:\/\/www.pm-schmedding.de\/wp-content\/uploads\/2013\/06\/kgefach5.jpg\" data-rel='gallery-2' data-prev-img='https:\/\/www.pm-schmedding.de\/wp-content\/uploads\/2013\/06\/kgefach5.jpg' class='lightbox ' data-onclick='2' title='kgefach5'  itemprop=\"thumbnailUrl\"  ><img decoding=\"async\" fetchpriority=\"high\" class=\"wp-image-219 avia-img-lazy-loading-not-219\"   src=\"https:\/\/www.pm-schmedding.de\/wp-content\/uploads\/2013\/06\/kgefach5.jpg\" width=\"124\" height=\"112\"  title='kgefach5' alt='' \/><div class='big-prev-fake'><img decoding=\"async\" fetchpriority=\"high\" class=\"wp-image-219 avia-img-lazy-loading-not-219\"  width=\"124\" height=\"112\" src=\"https:\/\/www.pm-schmedding.de\/wp-content\/uploads\/2013\/06\/kgefach5.jpg\" title='kgefach5' alt='' \/><\/div><\/a><a href=\"https:\/\/www.pm-schmedding.de\/wp-content\/uploads\/2013\/06\/kgefach6.jpg\" data-rel='gallery-2' data-prev-img='https:\/\/www.pm-schmedding.de\/wp-content\/uploads\/2013\/06\/kgefach6.jpg' class='lightbox ' data-onclick='3' title='kgefach6'  itemprop=\"thumbnailUrl\"  ><img decoding=\"async\" fetchpriority=\"high\" class=\"wp-image-220 avia-img-lazy-loading-not-220\"   src=\"https:\/\/www.pm-schmedding.de\/wp-content\/uploads\/2013\/06\/kgefach6.jpg\" width=\"131\" height=\"111\"  title='kgefach6' alt='' \/><div class='big-prev-fake'><img decoding=\"async\" fetchpriority=\"high\" class=\"wp-image-220 avia-img-lazy-loading-not-220\"  width=\"131\" height=\"111\" src=\"https:\/\/www.pm-schmedding.de\/wp-content\/uploads\/2013\/06\/kgefach6.jpg\" title='kgefach6' alt='' \/><\/div><\/a><a href=\"https:\/\/www.pm-schmedding.de\/wp-content\/uploads\/2013\/06\/kgefach7.jpg\" data-rel='gallery-2' data-prev-img='https:\/\/www.pm-schmedding.de\/wp-content\/uploads\/2013\/06\/kgefach7.jpg' class='lightbox ' data-onclick='4' title='kgefach7'  itemprop=\"thumbnailUrl\"  ><img decoding=\"async\" fetchpriority=\"high\" class=\"wp-image-221 avia-img-lazy-loading-not-221\"   src=\"https:\/\/www.pm-schmedding.de\/wp-content\/uploads\/2013\/06\/kgefach7.jpg\" width=\"118\" height=\"144\"  title='kgefach7' alt='' \/><div class='big-prev-fake'><img decoding=\"async\" fetchpriority=\"high\" class=\"wp-image-221 avia-img-lazy-loading-not-221\"  width=\"118\" height=\"144\" src=\"https:\/\/www.pm-schmedding.de\/wp-content\/uploads\/2013\/06\/kgefach7.jpg\" title='kgefach7' alt='' \/><\/div><\/a><a href=\"https:\/\/www.pm-schmedding.de\/wp-content\/uploads\/2013\/06\/kgefach8.jpg\" data-rel='gallery-2' data-prev-img='https:\/\/www.pm-schmedding.de\/wp-content\/uploads\/2013\/06\/kgefach8.jpg' class='lightbox ' data-onclick='5' title='kgefach8'  itemprop=\"thumbnailUrl\"  ><img decoding=\"async\" fetchpriority=\"high\" class=\"wp-image-222 avia-img-lazy-loading-not-222\"   src=\"https:\/\/www.pm-schmedding.de\/wp-content\/uploads\/2013\/06\/kgefach8-180x180.jpg\" width=\"180\" height=\"180\"  title='kgefach8' alt='' srcset=\"https:\/\/www.pm-schmedding.de\/wp-content\/uploads\/2013\/06\/kgefach8-180x180.jpg 180w, https:\/\/www.pm-schmedding.de\/wp-content\/uploads\/2013\/06\/kgefach8-80x80.jpg 80w, https:\/\/www.pm-schmedding.de\/wp-content\/uploads\/2013\/06\/kgefach8-36x36.jpg 36w, https:\/\/www.pm-schmedding.de\/wp-content\/uploads\/2013\/06\/kgefach8-120x120.jpg 120w\" sizes=\"(max-width: 180px) 100vw, 180px\" \/><div class='big-prev-fake'><img decoding=\"async\" fetchpriority=\"high\" class=\"wp-image-222 avia-img-lazy-loading-not-222\"  width=\"260\" height=\"201\" src=\"https:\/\/www.pm-schmedding.de\/wp-content\/uploads\/2013\/06\/kgefach8.jpg\" title='kgefach8' alt='' \/><\/div><\/a><a href=\"https:\/\/www.pm-schmedding.de\/wp-content\/uploads\/2013\/06\/kgefach9.jpg\" data-rel='gallery-2' data-prev-img='https:\/\/www.pm-schmedding.de\/wp-content\/uploads\/2013\/06\/kgefach9.jpg' class='lightbox ' data-onclick='6' title='kgefach9'  itemprop=\"thumbnailUrl\"  ><img decoding=\"async\" fetchpriority=\"high\" class=\"wp-image-223 avia-img-lazy-loading-not-223\"   src=\"https:\/\/www.pm-schmedding.de\/wp-content\/uploads\/2013\/06\/kgefach9.jpg\" width=\"136\" height=\"157\"  title='kgefach9' alt='' \/><div class='big-prev-fake'><img decoding=\"async\" fetchpriority=\"high\" class=\"wp-image-223 avia-img-lazy-loading-not-223\"  width=\"136\" height=\"157\" src=\"https:\/\/www.pm-schmedding.de\/wp-content\/uploads\/2013\/06\/kgefach9.jpg\" title='kgefach9' alt='' \/><\/div><\/a><\/div><\/div><\/p><\/div>\n<div  class='flex_column av-av_one_half-1c47c10d9dd6b9bc0b68f292c1cf5942 av_one_half  avia-builder-el-10  el_after_av_one_half  avia-builder-el-last  flex_column_div  column-top-margin'     ><section  class='av_textblock_section av-av_textblock-aaf3a53f7e22769a7798f31e42769683 '   itemscope=\"itemscope\" itemtype=\"https:\/\/schema.org\/CreativeWork\" ><div class='avia_textblock'  itemprop=\"text\" ><h3>Kunststoff Hohlkammer Gro\u00dfgefache<\/h3>\n<h5>f\u00fcr Transportbeh\u00e4lter in Euro-Palettengr\u00f6\u00dfe<\/h5>\n<p>Automobilindustrie-Gro\u00dfgefachsatz f\u00fcr Stosstangen und Stossleisten um pulverbeschichtete Spritzgie\u00dfteile der Endmontage zuzuf\u00fchren.<\/p>\n<\/div><\/section><br \/>\n\n<style type=\"text\/css\" data-created_by=\"avia_inline_auto\" id=\"style-css-av-av_gallery-b7e1a452e7fecd4f7ba9bcb2222e23b6\">\n#top .avia-gallery.av-av_gallery-b7e1a452e7fecd4f7ba9bcb2222e23b6 .avia-gallery-thumb a{\nwidth:14.2857%;\n}\n<\/style>\n<div  class='avia-gallery av-av_gallery-b7e1a452e7fecd4f7ba9bcb2222e23b6 avia_animate_when_visible  avia-builder-el-12  el_after_av_textblock  avia-builder-el-last  avia_lazyload avia-gallery-animate avia-gallery-3'  itemprop=\"image\" itemscope=\"itemscope\" itemtype=\"https:\/\/schema.org\/ImageObject\" ><meta itemprop=\"contentURL\" content=\"https:\/\/www.pm-schmedding.de\/?page_id=135\"><div class='avia-gallery-thumb'><a href=\"https:\/\/www.pm-schmedding.de\/wp-content\/uploads\/2013\/06\/behaelter11.jpg\" data-rel='gallery-3' data-prev-img='https:\/\/www.pm-schmedding.de\/wp-content\/uploads\/2013\/06\/behaelter11.jpg' class='first_thumb lightbox ' data-onclick='1' title='behaelter11'  itemprop=\"thumbnailUrl\"  ><img decoding=\"async\" fetchpriority=\"high\" class=\"wp-image-226 avia-img-lazy-loading-not-226\"   src=\"https:\/\/www.pm-schmedding.de\/wp-content\/uploads\/2013\/06\/behaelter11.jpg\" width=\"180\" height=\"134\"  title='behaelter11' alt='' \/><div class='big-prev-fake'><img decoding=\"async\" fetchpriority=\"high\" class=\"wp-image-226 avia-img-lazy-loading-not-226\"  width=\"180\" height=\"134\" src=\"https:\/\/www.pm-schmedding.de\/wp-content\/uploads\/2013\/06\/behaelter11.jpg\" title='behaelter11' alt='' \/><\/div><\/a><a href=\"https:\/\/www.pm-schmedding.de\/wp-content\/uploads\/2013\/06\/grossgef1.jpg\" data-rel='gallery-3' data-prev-img='https:\/\/www.pm-schmedding.de\/wp-content\/uploads\/2013\/06\/grossgef1.jpg' class='lightbox ' data-onclick='2' title='grossgef1'  itemprop=\"thumbnailUrl\"  ><img decoding=\"async\" fetchpriority=\"high\" class=\"wp-image-227 avia-img-lazy-loading-not-227\"   src=\"https:\/\/www.pm-schmedding.de\/wp-content\/uploads\/2013\/06\/grossgef1.jpg\" width=\"134\" height=\"124\"  title='grossgef1' alt='' \/><div class='big-prev-fake'><img decoding=\"async\" fetchpriority=\"high\" class=\"wp-image-227 avia-img-lazy-loading-not-227\"  width=\"134\" height=\"124\" src=\"https:\/\/www.pm-schmedding.de\/wp-content\/uploads\/2013\/06\/grossgef1.jpg\" title='grossgef1' alt='' \/><\/div><\/a><a href=\"https:\/\/www.pm-schmedding.de\/wp-content\/uploads\/2013\/06\/grossgef2.jpg\" data-srcset=\"https:\/\/www.pm-schmedding.de\/wp-content\/uploads\/2013\/06\/grossgef2.jpg 122w, https:\/\/www.pm-schmedding.de\/wp-content\/uploads\/2013\/06\/grossgef2-36x36.jpg 36w\" data-sizes=\"(max-width: 122px) 100vw, 122px\" data-rel='gallery-3' data-prev-img='https:\/\/www.pm-schmedding.de\/wp-content\/uploads\/2013\/06\/grossgef2.jpg' class='lightbox ' data-onclick='3' title='grossgef2'  itemprop=\"thumbnailUrl\"  ><img decoding=\"async\" fetchpriority=\"high\" class=\"wp-image-228 avia-img-lazy-loading-not-228\"   src=\"https:\/\/www.pm-schmedding.de\/wp-content\/uploads\/2013\/06\/grossgef2.jpg\" width=\"122\" height=\"127\"  title='grossgef2' alt='' srcset=\"https:\/\/www.pm-schmedding.de\/wp-content\/uploads\/2013\/06\/grossgef2.jpg 122w, https:\/\/www.pm-schmedding.de\/wp-content\/uploads\/2013\/06\/grossgef2-36x36.jpg 36w\" sizes=\"(max-width: 122px) 100vw, 122px\" \/><div class='big-prev-fake'><img decoding=\"async\" fetchpriority=\"high\" class=\"wp-image-228 avia-img-lazy-loading-not-228\"  width=\"122\" height=\"127\" src=\"https:\/\/www.pm-schmedding.de\/wp-content\/uploads\/2013\/06\/grossgef2.jpg\" title='grossgef2' alt='' srcset=\"https:\/\/www.pm-schmedding.de\/wp-content\/uploads\/2013\/06\/grossgef2.jpg 122w, https:\/\/www.pm-schmedding.de\/wp-content\/uploads\/2013\/06\/grossgef2-36x36.jpg 36w\" sizes=\"(max-width: 122px) 100vw, 122px\" \/><\/div><\/a><a href=\"https:\/\/www.pm-schmedding.de\/wp-content\/uploads\/2013\/06\/grossgef3.jpg\" data-rel='gallery-3' data-prev-img='https:\/\/www.pm-schmedding.de\/wp-content\/uploads\/2013\/06\/grossgef3.jpg' class='lightbox ' data-onclick='4' title='grossgef3'  itemprop=\"thumbnailUrl\"  ><img decoding=\"async\" fetchpriority=\"high\" class=\"wp-image-229 avia-img-lazy-loading-not-229\"   src=\"https:\/\/www.pm-schmedding.de\/wp-content\/uploads\/2013\/06\/grossgef3.jpg\" width=\"134\" height=\"119\"  title='grossgef3' alt='' \/><div class='big-prev-fake'><img decoding=\"async\" fetchpriority=\"high\" class=\"wp-image-229 avia-img-lazy-loading-not-229\"  width=\"134\" height=\"119\" src=\"https:\/\/www.pm-schmedding.de\/wp-content\/uploads\/2013\/06\/grossgef3.jpg\" title='grossgef3' alt='' \/><\/div><\/a><a href=\"https:\/\/www.pm-schmedding.de\/wp-content\/uploads\/2013\/06\/grossgef4.jpg\" data-rel='gallery-3' data-prev-img='https:\/\/www.pm-schmedding.de\/wp-content\/uploads\/2013\/06\/grossgef4.jpg' class='lightbox ' data-onclick='5' title='grossgef4'  itemprop=\"thumbnailUrl\"  ><img decoding=\"async\" fetchpriority=\"high\" class=\"wp-image-230 avia-img-lazy-loading-not-230\"   src=\"https:\/\/www.pm-schmedding.de\/wp-content\/uploads\/2013\/06\/grossgef4-180x180.jpg\" width=\"180\" height=\"180\"  title='grossgef4' alt='' srcset=\"https:\/\/www.pm-schmedding.de\/wp-content\/uploads\/2013\/06\/grossgef4-180x180.jpg 180w, https:\/\/www.pm-schmedding.de\/wp-content\/uploads\/2013\/06\/grossgef4-80x80.jpg 80w, https:\/\/www.pm-schmedding.de\/wp-content\/uploads\/2013\/06\/grossgef4-36x36.jpg 36w, https:\/\/www.pm-schmedding.de\/wp-content\/uploads\/2013\/06\/grossgef4-120x120.jpg 120w\" sizes=\"(max-width: 180px) 100vw, 180px\" \/><div class='big-prev-fake'><img decoding=\"async\" fetchpriority=\"high\" class=\"wp-image-230 avia-img-lazy-loading-not-230\"  width=\"259\" height=\"201\" src=\"https:\/\/www.pm-schmedding.de\/wp-content\/uploads\/2013\/06\/grossgef4.jpg\" title='grossgef4' alt='' \/><\/div><\/a><a href=\"https:\/\/www.pm-schmedding.de\/wp-content\/uploads\/2013\/06\/grossgef5.jpg\" data-rel='gallery-3' data-prev-img='https:\/\/www.pm-schmedding.de\/wp-content\/uploads\/2013\/06\/grossgef5.jpg' class='lightbox ' data-onclick='6' title='grossgef5'  itemprop=\"thumbnailUrl\"  ><img decoding=\"async\" fetchpriority=\"high\" class=\"wp-image-231 avia-img-lazy-loading-not-231\"   src=\"https:\/\/www.pm-schmedding.de\/wp-content\/uploads\/2013\/06\/grossgef5-180x180.jpg\" width=\"180\" height=\"180\"  title='grossgef5' alt='' srcset=\"https:\/\/www.pm-schmedding.de\/wp-content\/uploads\/2013\/06\/grossgef5-180x180.jpg 180w, https:\/\/www.pm-schmedding.de\/wp-content\/uploads\/2013\/06\/grossgef5-80x80.jpg 80w, https:\/\/www.pm-schmedding.de\/wp-content\/uploads\/2013\/06\/grossgef5-36x36.jpg 36w, https:\/\/www.pm-schmedding.de\/wp-content\/uploads\/2013\/06\/grossgef5-120x120.jpg 120w\" sizes=\"(max-width: 180px) 100vw, 180px\" \/><div class='big-prev-fake'><img decoding=\"async\" fetchpriority=\"high\" class=\"wp-image-231 avia-img-lazy-loading-not-231\"  width=\"249\" height=\"188\" src=\"https:\/\/www.pm-schmedding.de\/wp-content\/uploads\/2013\/06\/grossgef5.jpg\" title='grossgef5' alt='' \/><\/div><\/a><a href=\"https:\/\/www.pm-schmedding.de\/wp-content\/uploads\/2013\/06\/grossgef6.jpg\" data-rel='gallery-3' data-prev-img='https:\/\/www.pm-schmedding.de\/wp-content\/uploads\/2013\/06\/grossgef6.jpg' class='lightbox ' data-onclick='7' title='grossgef6'  itemprop=\"thumbnailUrl\"  ><img decoding=\"async\" fetchpriority=\"high\" class=\"wp-image-232 avia-img-lazy-loading-not-232\"   src=\"https:\/\/www.pm-schmedding.de\/wp-content\/uploads\/2013\/06\/grossgef6.jpg\" width=\"100\" height=\"124\"  title='grossgef6' alt='' \/><div class='big-prev-fake'><img decoding=\"async\" fetchpriority=\"high\" class=\"wp-image-232 avia-img-lazy-loading-not-232\"  width=\"100\" height=\"124\" src=\"https:\/\/www.pm-schmedding.de\/wp-content\/uploads\/2013\/06\/grossgef6.jpg\" title='grossgef6' alt='' \/><\/div><\/a><\/div><\/div><\/p><\/div>\n","protected":false},"excerpt":{"rendered":"","protected":false},"author":1,"featured_media":0,"parent":14,"menu_order":0,"comment_status":"open","ping_status":"open","template":"","meta":{"footnotes":""},"class_list":["post-135","page","type-page","status-publish","hentry"],"_links":{"self":[{"href":"https:\/\/www.pm-schmedding.de\/index.php?rest_route=\/wp\/v2\/pages\/135","targetHints":{"allow":["GET"]}}],"collection":[{"href":"https:\/\/www.pm-schmedding.de\/index.php?rest_route=\/wp\/v2\/pages"}],"about":[{"href":"https:\/\/www.pm-schmedding.de\/index.php?rest_route=\/wp\/v2\/types\/page"}],"author":[{"embeddable":true,"href":"https:\/\/www.pm-schmedding.de\/index.php?rest_route=\/wp\/v2\/users\/1"}],"replies":[{"embeddable":true,"href":"https:\/\/www.pm-schmedding.de\/index.php?rest_route=%2Fwp%2Fv2%2Fcomments&post=135"}],"version-history":[{"count":12,"href":"https:\/\/www.pm-schmedding.de\/index.php?rest_route=\/wp\/v2\/pages\/135\/revisions"}],"predecessor-version":[{"id":952,"href":"https:\/\/www.pm-schmedding.de\/index.php?rest_route=\/wp\/v2\/pages\/135\/revisions\/952"}],"up":[{"embeddable":true,"href":"https:\/\/www.pm-schmedding.de\/index.php?rest_route=\/wp\/v2\/pages\/14"}],"wp:attachment":[{"href":"https:\/\/www.pm-schmedding.de\/index.php?rest_route=%2Fwp%2Fv2%2Fmedia&parent=135"}],"curies":[{"name":"wp","href":"https:\/\/api.w.org\/{rel}","templated":true}]}}