{"id":1743,"date":"2017-10-12T10:46:32","date_gmt":"2017-10-12T08:46:32","guid":{"rendered":"https:\/\/www.pm-schmedding.de\/?page_id=1743"},"modified":"2017-10-12T10:46:32","modified_gmt":"2017-10-12T08:46:32","slug":"stellenangebote","status":"publish","type":"page","link":"https:\/\/www.pm-schmedding.de\/?page_id=1743","title":{"rendered":"Stellenangebote"},"content":{"rendered":"<h2>Handelsvertreter (m\/w)<\/h2>\n<p>F\u00fcr den Aufbau eines bundesweiten Vertriebsnetzes suchen wir zum n\u00e4chstm\u00f6glichen Termin selbstst\u00e4ndige Handelsvertreter (m\/w) f\u00fcr die Regionen Nord-, West-, Ost- und S\u00fcddeutschland.<\/p>\n<p>P.M. Schmedding Plastics Technology ist Hersteller von eigenentwickelten Produkten im Bereich Ladungssicherung mit Schwerpunkt \u201eKantenschutz empfindlicher Ladungsg\u00fcter\u201c. Unsere patentierten und zertifizierten Produkte finden \u00fcberwiegend Einsatz im Speditions- und Transportwesen sowie im Automotivbereich.<\/p>\n<h3><strong>Aufgaben<\/strong><\/h3>\n<ul>\n<li>Akquisition und Betreuung von Kunden<\/li>\n<li>Bedarfs- und Situationsanalysen der Kunden<\/li>\n<li>Fachliche Beratung der Kunden<\/li>\n<li>Eigenst\u00e4ndige Erstellung von Angeboten und Preisverhandlungen<\/li>\n<li>Aktive und engagierte Verkaufst\u00e4tigkeit<\/li>\n<\/ul>\n<h3><strong>Anforderungsprofil<\/strong><\/h3>\n<ul>\n<li>Vertriebsingenieur(in) \/ Meister(in) (Fachrichtung Maschinenbau \/ Werkzeugbau) mit betriebswirtschaftlichen Grundkenntnissen<\/li>\n<li>Grundlagenkenntnisse in der Ladungssicherung gem\u00e4\u00df StVO \/ StVZO nach Richtlinie VDI 2700 \/ EN 12195-1<\/li>\n<li>Erfahrung im Vertrieb<\/li>\n<li>Analytische und systematische Arbeitsweise<\/li>\n<li>Gute Kenntnisse im MS-Office-Paket<\/li>\n<li>Produktspezifische Beratung sowie Einf\u00fchrung des Produktes<\/li>\n<li>Regelm\u00e4\u00dfige Beobachtung und Analyse des Wettbewerbs<\/li>\n<li>Planung und Durchf\u00fchrung von Messen (Messestand vorhanden)<\/li>\n<li>Beratungs- und Verhandlungsgeschick sowie \u00dcberzeugungsverm\u00f6gen mit Abschlusssicherheit<\/li>\n<li>Uneingeschr\u00e4nkte Mobilit\u00e4t innerhalb des Vertriebsgebietes<\/li>\n<li>Selbstbewusstes und professionelles Auftreten<\/li>\n<li>Starke kommunikative F\u00e4higkeiten in Wort und Schrift<\/li>\n<li>Ideal w\u00e4ren gute Englischkenntnisse in Wort und Schrift<\/li>\n<\/ul>\n<h3><strong>Angebot<\/strong><\/h3>\n<ul>\n<li>Existenzaufbau durch patentiertes (eur.pat.) und T\u00dcV-zertifiziertes Produkt<\/li>\n<li>Vertriebsgebiete Deutschland Nord, West, S\u00fcd &amp; Ost<\/li>\n<li>Langfristige, konstruktive und faire Partnerschaft auf Augenh\u00f6he<\/li>\n<li>Verg\u00fctung auf Basis umsatzorientierter Provision<\/li>\n<li>Vertrag w\u00e4hlbar auf Grundlage von CDH, IHK o.\u00e4.<\/li>\n<li>M\u00f6glichkeit einer sp\u00e4teren Produkt- und Gesch\u00e4fts\u00fcbergabe<\/li>\n<li>Unterst\u00fctzung bei Erlangung Ausbildung gem\u00e4\u00df StVO \/ StVZO nach Richtlinie VDI 2700 \/ EN 12195-1, nach der Probezeit<\/li>\n<\/ul>\n<p>Bei Interesse schicken Sie bitte eine Kurzbewerbung mit Lebenslauf unter Angabe Ihres m\u00f6glichen Eintrittstermins und ihrer Provisionsvorstellung an folgende E-Mail: <a href=\"mailto:vertrieb@pm-schmedding.de\">vertrieb@pm-schmedding.de<\/a><\/p>\n","protected":false},"excerpt":{"rendered":"<p>Handelsvertreter (m\/w) F\u00fcr den Aufbau eines bundesweiten Vertriebsnetzes suchen wir zum n\u00e4chstm\u00f6glichen Termin selbstst\u00e4ndige Handelsvertreter (m\/w) f\u00fcr die Regionen Nord-, West-, Ost- und S\u00fcddeutschland. P.M. Schmedding Plastics Technology ist Hersteller von eigenentwickelten Produkten im Bereich Ladungssicherung mit Schwerpunkt \u201eKantenschutz empfindlicher Ladungsg\u00fcter\u201c. Unsere patentierten und zertifizierten Produkte finden \u00fcberwiegend Einsatz im Speditions- und Transportwesen sowie im [&hellip;]<\/p>\n","protected":false},"author":2,"featured_media":0,"parent":2,"menu_order":0,"comment_status":"closed","ping_status":"closed","template":"","meta":{"footnotes":""},"class_list":["post-1743","page","type-page","status-publish","hentry"],"_links":{"self":[{"href":"https:\/\/www.pm-schmedding.de\/index.php?rest_route=\/wp\/v2\/pages\/1743","targetHints":{"allow":["GET"]}}],"collection":[{"href":"https:\/\/www.pm-schmedding.de\/index.php?rest_route=\/wp\/v2\/pages"}],"about":[{"href":"https:\/\/www.pm-schmedding.de\/index.php?rest_route=\/wp\/v2\/types\/page"}],"author":[{"embeddable":true,"href":"https:\/\/www.pm-schmedding.de\/index.php?rest_route=\/wp\/v2\/users\/2"}],"replies":[{"embeddable":true,"href":"https:\/\/www.pm-schmedding.de\/index.php?rest_route=%2Fwp%2Fv2%2Fcomments&post=1743"}],"version-history":[{"count":3,"href":"https:\/\/www.pm-schmedding.de\/index.php?rest_route=\/wp\/v2\/pages\/1743\/revisions"}],"predecessor-version":[{"id":1747,"href":"https:\/\/www.pm-schmedding.de\/index.php?rest_route=\/wp\/v2\/pages\/1743\/revisions\/1747"}],"up":[{"embeddable":true,"href":"https:\/\/www.pm-schmedding.de\/index.php?rest_route=\/wp\/v2\/pages\/2"}],"wp:attachment":[{"href":"https:\/\/www.pm-schmedding.de\/index.php?rest_route=%2Fwp%2Fv2%2Fmedia&parent=1743"}],"curies":[{"name":"wp","href":"https:\/\/api.w.org\/{rel}","templated":true}]}}