{"id":2,"date":"2013-05-14T09:58:48","date_gmt":"2013-05-14T09:58:48","guid":{"rendered":"http:\/\/pm-schmedding.com\/?page_id=2"},"modified":"2022-06-21T14:17:41","modified_gmt":"2022-06-21T12:17:41","slug":"beispiel-seite","status":"publish","type":"page","link":"https:\/\/www.pm-schmedding.de\/?page_id=2","title":{"rendered":"Unternehmen"},"content":{"rendered":"<div  class='flex_column av-9nr8-1209ff7f8397dbd17ab43f832326c7e0 av_one_third  avia-builder-el-0  el_before_av_two_third  avia-builder-el-first  first flex_column_div  '     ><style type=\"text\/css\" data-created_by=\"avia_inline_auto\" id=\"style-css-av-70k0-d2e2ee9fe128e0c9ebf19ee20faa1b7e\">\n.avia-image-container.av-70k0-d2e2ee9fe128e0c9ebf19ee20faa1b7e img.avia_image{\nbox-shadow:none;\n}\n.avia-image-container.av-70k0-d2e2ee9fe128e0c9ebf19ee20faa1b7e .av-image-caption-overlay-center{\ncolor:#ffffff;\n}\n<\/style>\n<div  class='avia-image-container av-70k0-d2e2ee9fe128e0c9ebf19ee20faa1b7e av-styling- avia-align-center  avia-builder-el-1  avia-builder-el-no-sibling '   itemprop=\"image\" itemscope=\"itemscope\" itemtype=\"https:\/\/schema.org\/ImageObject\" ><div class=\"avia-image-container-inner\"><div class=\"avia-image-overlay-wrap\"><img decoding=\"async\" fetchpriority=\"high\" class='wp-image-18 avia-img-lazy-loading-not-18 avia_image ' src=\"https:\/\/www.pm-schmedding.de\/wp-content\/uploads\/2013\/05\/bild-unternehmen.jpg\" alt='' title='bild-unternehmen'  height=\"542\" width=\"208\"  itemprop=\"thumbnailUrl\" srcset=\"https:\/\/www.pm-schmedding.de\/wp-content\/uploads\/2013\/05\/bild-unternehmen.jpg 208w, https:\/\/www.pm-schmedding.de\/wp-content\/uploads\/2013\/05\/bild-unternehmen-115x300.jpg 115w\" sizes=\"(max-width: 208px) 100vw, 208px\" \/><\/div><\/div><\/div><\/div>\n<style type=\"text\/css\" data-created_by=\"avia_inline_auto\" id=\"style-css-av-5tc6-f5041f7515a3c3235ebbfcbe8bae3d5a\">\n.flex_column.av-5tc6-f5041f7515a3c3235ebbfcbe8bae3d5a{\nborder-radius:0px 0px 0px 0px;\npadding:0px 0px 0px 0px;\n}\n<\/style>\n<div  class='flex_column av-5tc6-f5041f7515a3c3235ebbfcbe8bae3d5a av_two_third  avia-builder-el-2  el_after_av_one_third  avia-builder-el-last  flex_column_div av-zero-column-padding  '     ><section  class='av_textblock_section av-4a0i-27382bddeddb7c6ea6be958785a0b43e '   itemscope=\"itemscope\" itemtype=\"https:\/\/schema.org\/CreativeWork\" ><div class='avia_textblock'  itemprop=\"text\" ><h3>\u00dcber 30 Jahre Erfahrung<\/h3>\n<p>Seit der Firmengr\u00fcndung im Jahr 1983 behaupten wir unsere Marktposition mit eigenst\u00e4ndigen Produkten als Hersteller und globales Vertriebs- und Zulieferunternehmen in den Bereichen spezieller Kantenschutzprofile sowie individueller Verpackungsl\u00f6sungen die zum \u00fcberwiegenden Teil im Kunststoffspritzgie\u00df- und Extrusionsverfahren hergestellt werden. Haupts\u00e4chlich liegt unser Know-how in der Herstellung und Entwicklung von individuellen, technisch und qualitativ hochwertigen Kantenschutzprodukten f\u00fcr die verschiedensten Bereiche der Industrie.<\/p>\n<h3>Zufriedene Kunden<\/h3>\n<p>Unsere Kunden sind Hersteller und Anwender in der Luftfahrt-, Automotive-, Automobil-, Maschinen-, Schifffahrts-, Turbinen-, Getriebe-, Glas\/Spiegel-, Armaturenbaubranche und vielen anderen Industriezweigen. T\u00e4tig sind wir f\u00fcr den gro\u00dfen Bedarfssektor der Reparatur-, Lohn- und Service Komponentenbetriebe im Luftffahrtbereich (MRO). Hier findet beispielsweise unser patentiertes S-SF Profil aufgrund der weltweit vorgeschriebenen und hohen Sicherheitsstandards Verwendung.<\/p>\n<h3>Expertise in der Ladungssicherung<\/h3>\n<p>Speziell f\u00fcr den Logistikbereich entwickeln und projektieren wir Ladungssicherungsl\u00f6sungen gemeinsam mit erfahrenen Betriebslogistikern, Speditionen und dem T\u00dcV (Technischer \u00dcberwachungsverein).\u00a0Dort gilt es vor allem empfindliche Ladungsg\u00fcter mit einem Kantenschutz zu sichern und vor Besch\u00e4digungen zu sch\u00fctzen. In diesem Bereich bieten wir unter anderem unseren patentierten und T\u00dcV-zertifizierten Allrounder S-A+S Roll on Roll off. Dieser wurde vom T\u00dcV mit dem Sicherheits-Zertifikat und Pr\u00fcfsiegel &#8222;Gepr\u00fcfte Ladungssicherheit&#8220; ausgezeichnet.<\/p>\n<p>Lernen Sie uns kennen. Wir freuen uns, wenn Sie Ihre Probleme gemeinsam mit uns l\u00f6sen wollen! Unsere Kontaktdaten finden Sie <a title=\"Kontakt\" href=\"http:\/\/pm-schmedding.com\/?page_id=21\">hier<\/a>.<\/p>\n<\/div><\/section><\/div><\/p>\n","protected":false},"excerpt":{"rendered":"","protected":false},"author":1,"featured_media":0,"parent":0,"menu_order":3,"comment_status":"open","ping_status":"open","template":"","meta":{"footnotes":""},"class_list":["post-2","page","type-page","status-publish","hentry"],"_links":{"self":[{"href":"https:\/\/www.pm-schmedding.de\/index.php?rest_route=\/wp\/v2\/pages\/2","targetHints":{"allow":["GET"]}}],"collection":[{"href":"https:\/\/www.pm-schmedding.de\/index.php?rest_route=\/wp\/v2\/pages"}],"about":[{"href":"https:\/\/www.pm-schmedding.de\/index.php?rest_route=\/wp\/v2\/types\/page"}],"author":[{"embeddable":true,"href":"https:\/\/www.pm-schmedding.de\/index.php?rest_route=\/wp\/v2\/users\/1"}],"replies":[{"embeddable":true,"href":"https:\/\/www.pm-schmedding.de\/index.php?rest_route=%2Fwp%2Fv2%2Fcomments&post=2"}],"version-history":[{"count":11,"href":"https:\/\/www.pm-schmedding.de\/index.php?rest_route=\/wp\/v2\/pages\/2\/revisions"}],"predecessor-version":[{"id":2152,"href":"https:\/\/www.pm-schmedding.de\/index.php?rest_route=\/wp\/v2\/pages\/2\/revisions\/2152"}],"wp:attachment":[{"href":"https:\/\/www.pm-schmedding.de\/index.php?rest_route=%2Fwp%2Fv2%2Fmedia&parent=2"}],"curies":[{"name":"wp","href":"https:\/\/api.w.org\/{rel}","templated":true}]}}