{"id":21,"date":"2013-06-06T21:29:05","date_gmt":"2013-06-06T19:29:05","guid":{"rendered":"http:\/\/pm-schmedding.com\/?page_id=21"},"modified":"2017-09-28T14:43:43","modified_gmt":"2017-09-28T12:43:43","slug":"kontakt","status":"publish","type":"page","link":"https:\/\/www.pm-schmedding.de\/?page_id=21","title":{"rendered":"Kontakt"},"content":{"rendered":"<div id='av-layout-grid-1'  class='av-layout-grid-container av-av_layout_row-9c55a04451926ddb740c0d54a352c5c1 entry-content-wrapper main_color av-flex-cells  avia-builder-el-0  avia-builder-el-no-sibling   container_wrap sidebar_right'  >\n\n<style type=\"text\/css\" data-created_by=\"avia_inline_auto\" id=\"style-css-av-av_cell_one_half-f57c70f9f5a63fd800eb5b955b847c2a\">\n.flex_cell.av-av_cell_one_half-f57c70f9f5a63fd800eb5b955b847c2a{\nvertical-align:top;\n}\n.responsive #top #wrap_all .flex_cell.av-av_cell_one_half-f57c70f9f5a63fd800eb5b955b847c2a{\npadding:30px 30px 30px 30px !important;\n}\n<\/style>\n<div class='flex_cell av-av_cell_one_half-f57c70f9f5a63fd800eb5b955b847c2a av-gridrow-cell av_one_half no_margin  avia-builder-el-1  el_before_av_cell_one_half  avia-builder-el-first  content-align-top'  ><div class='flex_cell_inner'><p><div  class='flex_column av-av_one_full-2a9015ff38129c418a3f2eafba3e9512 av_one_full  avia-builder-el-2  el_before_av_one_full  avia-builder-el-first  first flex_column_div  '     ><section  class='av_textblock_section av-av_textblock-2de302bf1aa3cf4c9157dbe6f50ac7eb '   itemscope=\"itemscope\" itemtype=\"https:\/\/schema.org\/CreativeWork\" ><div class='avia_textblock'  itemprop=\"text\" ><p><a href=\"http:\/\/pm-schmedding.com\/wp-content\/uploads\/2013\/06\/kontakt.jpg\"><img decoding=\"async\" class=\"alignnone wp-image-671 size-full\" src=\"https:\/\/www.pm-schmedding.de\/wp-content\/uploads\/2013\/06\/kontakt-e1506601963344.jpg\" alt=\"Kontakt\" width=\"849\" height=\"382\" srcset=\"https:\/\/www.pm-schmedding.de\/wp-content\/uploads\/2013\/06\/kontakt-e1506601963344.jpg 849w, https:\/\/www.pm-schmedding.de\/wp-content\/uploads\/2013\/06\/kontakt-e1506601963344-300x135.jpg 300w, https:\/\/www.pm-schmedding.de\/wp-content\/uploads\/2013\/06\/kontakt-e1506601963344-705x317.jpg 705w, https:\/\/www.pm-schmedding.de\/wp-content\/uploads\/2013\/06\/kontakt-e1506601963344-450x202.jpg 450w, https:\/\/www.pm-schmedding.de\/wp-content\/uploads\/2013\/06\/kontakt-e1506601963344-768x346.jpg 768w\" sizes=\"(max-width: 849px) 100vw, 849px\" \/><\/a><\/p>\n<\/div><\/section><\/div>\n<style type=\"text\/css\" data-created_by=\"avia_inline_auto\" id=\"style-css-av-av_one_full-15d750bd1b332b34c6e70b077ebbccdf\">\n.flex_column.av-av_one_full-15d750bd1b332b34c6e70b077ebbccdf{\nborder-radius:0px 0px 0px 0px;\npadding:0px 0px 0px 0px;\n}\n<\/style>\n<div  class='flex_column av-av_one_full-15d750bd1b332b34c6e70b077ebbccdf av_one_full  avia-builder-el-4  el_after_av_one_full  avia-builder-el-last  first flex_column_div av-zero-column-padding  column-top-margin'     ><p><section  class='av_textblock_section av-av_textblock-d6f9580a14a12f3e6487be244d7d664b '   itemscope=\"itemscope\" itemtype=\"https:\/\/schema.org\/CreativeWork\" ><div class='avia_textblock'  itemprop=\"text\" ><p>Ihr Anliegen ist uns wichtig! Eine \u00dcbersicht \u00fcber die vielf\u00e4ltigen M\u00f6glichkeiten mit uns in Kontakt zu treten finden Sie im Folgenden auf dieser Seite. Wir freuen uns auf Ihre Nachricht und w\u00fcnschen Ihnen wie uns f\u00fcr die Zukunft eine angenehme, partnerschaftliche und langfristige Gesch\u00e4ftsverbindung.<\/p>\n<\/div><\/section><br \/>\n<div  class='av_promobox av-av_promobox-3f5c2c14f2faefa3076bddc402b175d3 avia-button-yes  avia-builder-el-6  el_after_av_textblock  avia-builder-el-last '><div class='avia-promocontent'><p>\nAlle Kontaktinformationen k\u00f6nnen Sie sich auch hier als virtuelle Visitenkarte im .vcf Format herunterladen.<\/p>\n<\/div><div  class='avia-button-wrap av-av_button-b0c9eda00769b80ef4fbba3b917c9626-wrap avia-button-right '><a href='https:\/\/www.pm-schmedding.de\/wp-content\/uploads\/2013\/08\/PMS.vcf'  class='avia-button av-av_button-b0c9eda00769b80ef4fbba3b917c9626 av-link-btn avia-icon_select-yes-left-icon avia-size-large avia-position-right avia-color-theme-color'  target=\"_blank\"  rel=\"noopener noreferrer\"  aria-label=\"Download\"><span class='avia_button_icon avia_button_icon_left avia-svg-icon avia-font-svg_entypo-fontello' data-av_svg_icon='16' data-av_iconset='svg_entypo-fontello'><\/span><span class='avia_iconbox_title' >Download<\/span><\/a><\/div><\/div><\/p><\/div><\/p>\n<\/div><\/div>\n<style type=\"text\/css\" data-created_by=\"avia_inline_auto\" id=\"style-css-av-av_cell_one_half-f57c70f9f5a63fd800eb5b955b847c2a\">\n.flex_cell.av-av_cell_one_half-f57c70f9f5a63fd800eb5b955b847c2a{\nvertical-align:top;\n}\n.responsive #top #wrap_all .flex_cell.av-av_cell_one_half-f57c70f9f5a63fd800eb5b955b847c2a{\npadding:30px 30px 30px 30px !important;\n}\n<\/style>\n<div class='flex_cell av-av_cell_one_half-f57c70f9f5a63fd800eb5b955b847c2a av-gridrow-cell av_one_half no_margin  avia-builder-el-7  el_after_av_cell_one_half  avia-builder-el-last  content-align-top'  ><div class='flex_cell_inner'><div  class='flex_column av-av_one_full-2a9015ff38129c418a3f2eafba3e9512 av_one_full  avia-builder-el-8  avia-builder-el-no-sibling  first flex_column_div  '     ><style type=\"text\/css\" data-created_by=\"avia_inline_auto\" id=\"style-css-av-av_iconlist-7de1271674d81c3d34129832020f5047\">\n#top .avia-icon-list-container.av-av_iconlist-7de1271674d81c3d34129832020f5047 .iconlist_icon{\nbackground-color:#a81010;\n}\n<\/style>\n<div  class='avia-icon-list-container av-av_iconlist-7de1271674d81c3d34129832020f5047  avia-builder-el-9  avia-builder-el-no-sibling '><ul class='avia-icon-list avia_animate_when_almost_visible avia-icon-list-left av-iconlist-big av-av_iconlist-7de1271674d81c3d34129832020f5047 avia-iconlist-animate'>\n<li><div class='iconlist_icon av-av_iconlist_item-537e69cbec2a7496af76fcb5957fb3fe avia-font-entypo-fontello avia-iconfont avia-font-entypo-fontello'><span class='av-icon-char' data-av_icon='\ue821' data-av_iconfont='entypo-fontello' aria-hidden=\"true\"><\/span><\/div><article class=\"article-icon-entry \"  itemscope=\"itemscope\" itemtype=\"https:\/\/schema.org\/CreativeWork\" ><div class=\"iconlist_content_wrap\"><header class=\"entry-content-header\" aria-label=\"Icon: Anschrift\"><h4 class='av_iconlist_title iconlist_title  '  itemprop=\"headline\" >Anschrift<\/h4><\/header><div class='iconlist_content '  itemprop=\"text\" ><p>P. M. Schmedding Plastics Technology<br \/>\nEltzer Str. 31<br \/>\n31311 Uetze<\/p>\n<\/div><\/div><footer class=\"entry-footer\"><\/footer><\/article><div class=\"iconlist-timeline\"><\/div><\/li>\n<li><div class='iconlist_icon av-av_iconlist_item-4e0b90cf656253a17c3410189cebe960 avia-font-entypo-fontello avia-iconfont avia-font-entypo-fontello'><span class='av-icon-char' data-av_icon='\ue805' data-av_iconfont='entypo-fontello' aria-hidden=\"true\"><\/span><\/div><article class=\"article-icon-entry \"  itemscope=\"itemscope\" itemtype=\"https:\/\/schema.org\/CreativeWork\" ><div class=\"iconlist_content_wrap\"><header class=\"entry-content-header\" aria-label=\"Icon: &lt;a href=&#039;mailto:info@pm-schmedding.com&#039; title=&#039;E-Mail&#039;&gt;E-Mail&lt;\/a&gt;\"><h4 class='av_iconlist_title iconlist_title  '  itemprop=\"headline\" ><a href='mailto:info@pm-schmedding.com' title='E-Mail'>E-Mail<\/a><\/h4><\/header><div class='iconlist_content '  itemprop=\"text\" ><p><a href=\"mailto:info@pm-schmedding.de\">info@pm-schmedding.de<\/a><\/p>\n<\/div><\/div><footer class=\"entry-footer\"><\/footer><\/article><div class=\"iconlist-timeline\"><\/div><\/li>\n<li><div class='iconlist_icon av-av_iconlist_item-999fe16b790dad2b7082a6db29d21646 avia-font-entypo-fontello avia-iconfont avia-font-entypo-fontello'><span class='av-icon-char' data-av_icon='\ue854' data-av_iconfont='entypo-fontello' aria-hidden=\"true\"><\/span><\/div><article class=\"article-icon-entry \"  itemscope=\"itemscope\" itemtype=\"https:\/\/schema.org\/CreativeWork\" ><div class=\"iconlist_content_wrap\"><header class=\"entry-content-header\" aria-label=\"Icon: Telefon\"><h4 class='av_iconlist_title iconlist_title  '  itemprop=\"headline\" >Telefon<\/h4><\/header><div class='iconlist_content '  itemprop=\"text\" ><p>+49 (0)5173 1025<\/p>\n<\/div><\/div><footer class=\"entry-footer\"><\/footer><\/article><div class=\"iconlist-timeline\"><\/div><\/li>\n<li><div class='iconlist_icon av-av_iconlist_item-22555b23e8dc1dfdc3c5749a9de3f40e avia-font-entypo-fontello avia-iconfont avia-font-entypo-fontello'><span class='av-icon-char' data-av_icon='\ue838' data-av_iconfont='entypo-fontello' aria-hidden=\"true\"><\/span><\/div><article class=\"article-icon-entry \"  itemscope=\"itemscope\" itemtype=\"https:\/\/schema.org\/CreativeWork\" ><div class=\"iconlist_content_wrap\"><header class=\"entry-content-header\" aria-label=\"Icon: Fax\"><h4 class='av_iconlist_title iconlist_title  '  itemprop=\"headline\" >Fax<\/h4><\/header><div class='iconlist_content '  itemprop=\"text\" ><p>+49 (0)5173 6259<\/p>\n<\/div><\/div><footer class=\"entry-footer\"><\/footer><\/article><div class=\"iconlist-timeline\"><\/div><\/li>\n<li><a href='https:\/\/www.xing.com\/companies\/p.m.schmeddingplasticstechnology' title='Xing'  class='iconlist_icon av-av_iconlist_item-ee74857c5c054387a1a406f22a6f8ca9 avia-font-entypo-fontello avia-iconfont avia-font-entypo-fontello'><span class='av-icon-char' data-av_icon='\ue923' data-av_iconfont='entypo-fontello' aria-hidden=\"true\"><\/span><\/a><article class=\"article-icon-entry av-iconlist-empty\"  itemscope=\"itemscope\" itemtype=\"https:\/\/schema.org\/CreativeWork\" ><div class=\"iconlist_content_wrap\"><header class=\"entry-content-header\" aria-label=\"Icon: &lt;a href=&#039;https:\/\/www.xing.com\/companies\/p.m.schmeddingplasticstechnology&#039; title=&#039;Xing&#039;&gt;Xing&lt;\/a&gt;\"><h4 class='av_iconlist_title iconlist_title  '  itemprop=\"headline\" ><a href='https:\/\/www.xing.com\/companies\/p.m.schmeddingplasticstechnology' title='Xing'>Xing<\/a><\/h4><\/header><div class='iconlist_content '  itemprop=\"text\" ><\/div><\/div><footer class=\"entry-footer\"><\/footer><\/article><div class=\"iconlist-timeline\"><\/div><\/li>\n<\/ul><\/div><\/div>\n<\/div><\/div><\/div>\n","protected":false},"excerpt":{"rendered":"","protected":false},"author":1,"featured_media":0,"parent":0,"menu_order":4,"comment_status":"open","ping_status":"open","template":"","meta":{"footnotes":""},"class_list":["post-21","page","type-page","status-publish","hentry"],"_links":{"self":[{"href":"https:\/\/www.pm-schmedding.de\/index.php?rest_route=\/wp\/v2\/pages\/21","targetHints":{"allow":["GET"]}}],"collection":[{"href":"https:\/\/www.pm-schmedding.de\/index.php?rest_route=\/wp\/v2\/pages"}],"about":[{"href":"https:\/\/www.pm-schmedding.de\/index.php?rest_route=\/wp\/v2\/types\/page"}],"author":[{"embeddable":true,"href":"https:\/\/www.pm-schmedding.de\/index.php?rest_route=\/wp\/v2\/users\/1"}],"replies":[{"embeddable":true,"href":"https:\/\/www.pm-schmedding.de\/index.php?rest_route=%2Fwp%2Fv2%2Fcomments&post=21"}],"version-history":[{"count":20,"href":"https:\/\/www.pm-schmedding.de\/index.php?rest_route=\/wp\/v2\/pages\/21\/revisions"}],"predecessor-version":[{"id":1735,"href":"https:\/\/www.pm-schmedding.de\/index.php?rest_route=\/wp\/v2\/pages\/21\/revisions\/1735"}],"wp:attachment":[{"href":"https:\/\/www.pm-schmedding.de\/index.php?rest_route=%2Fwp%2Fv2%2Fmedia&parent=21"}],"curies":[{"name":"wp","href":"https:\/\/api.w.org\/{rel}","templated":true}]}}