{"id":7,"date":"2013-05-15T10:57:28","date_gmt":"2013-05-15T08:57:28","guid":{"rendered":"http:\/\/pm-schmedding.com\/?page_id=7"},"modified":"2020-07-07T17:06:49","modified_gmt":"2020-07-07T15:06:49","slug":"herzlich-willkommen","status":"publish","type":"page","link":"https:\/\/www.pm-schmedding.de\/","title":{"rendered":"Home"},"content":{"rendered":"<div  class='flex_column av-wfqj-d35b57654640e298c48a741d4821dc54 av_one_full  avia-builder-el-0  el_before_av_one_full  avia-builder-el-first  first flex_column_div  '     ><div  class='avia-slideshow av-azr-f41e78a9d0c64033de34e492caa3061d avia-slideshow-entry_without_sidebar av_slideshow avia-slide-slider  avia-builder-el-1  avia-builder-el-no-sibling  av-slideshow-ui av-control-default av-slideshow-autoplay av-loop-endless av-loop-manual-endless av-default-height-applied avia-slideshow-1' data-slideshow-options=\"{&quot;animation&quot;:&quot;slide&quot;,&quot;autoplay&quot;:true,&quot;loop_autoplay&quot;:&quot;endless&quot;,&quot;interval&quot;:5,&quot;loop_manual&quot;:&quot;manual-endless&quot;,&quot;autoplay_stopper&quot;:false,&quot;noNavigation&quot;:false,&quot;bg_slider&quot;:false,&quot;keep_padding&quot;:false,&quot;hoverpause&quot;:false,&quot;show_slide_delay&quot;:0}\"  itemprop=\"image\" itemscope=\"itemscope\" itemtype=\"https:\/\/schema.org\/ImageObject\" ><ul class='avia-slideshow-inner ' style='padding-bottom: 34.95145631068%;'><li  class='avia-slideshow-slide av-azr-f41e78a9d0c64033de34e492caa3061d__0  slide-1 slide-odd'><a href=\"https:\/\/www.pm-schmedding.de\/?page_id=92\"  data-rel='slideshow-1' class='avia-slide-wrap '   ><div class='av-slideshow-caption av-azr-f41e78a9d0c64033de34e492caa3061d__0 avia-caption'><div class=\"avia-inner-caption\"><h2 class='avia-caption-title '  itemprop=\"name\" >Kennen Sie schon den innovativen Allrounder?<\/h2><div class='avia-caption-content '  itemprop=\"description\" ><p>&#8230; bestellen Sie noch heute Ihr pers\u00f6nliches Musterpaket zum Testen!<\/p>\n<\/div><\/div><\/div><img decoding=\"async\" fetchpriority=\"high\" class=\"wp-image-107 avia-img-lazy-loading-not-107\"  src=\"https:\/\/www.pm-schmedding.de\/wp-content\/uploads\/2013\/06\/allrounder_main-1030x360.jpg\" width=\"1030\" height=\"360\" title='allrounder_main' alt=''  itemprop=\"thumbnailUrl\"   \/><\/a><\/li><li  class='avia-slideshow-slide av-azr-f41e78a9d0c64033de34e492caa3061d__1  slide-2 slide-even'><a href=\"https:\/\/www.pm-schmedding.de\/?page_id=92\"  data-rel='slideshow-1' class='avia-slide-wrap '   ><div class='av-slideshow-caption av-azr-f41e78a9d0c64033de34e492caa3061d__1 avia-caption'><div class=\"avia-inner-caption\"><h2 class='avia-caption-title '  itemprop=\"name\" >Innovative Form mit \"Taschen\"<\/h2><div class='avia-caption-content '  itemprop=\"description\" ><p>Direkte und unmittelbare horizontale und vertikale Krafteinleitung \u00fcber die &#8222;Taschen&#8220; auf die Fl\u00e4chen des Ladungsgutes. Dadurch werden die Kanten des Ladungsgutes perfekt gesch\u00fctzt!<\/p>\n<\/div><\/div><\/div><img decoding=\"async\" fetchpriority=\"high\" class=\"wp-image-123 avia-img-lazy-loading-not-123\"  src=\"https:\/\/www.pm-schmedding.de\/wp-content\/uploads\/2013\/05\/slide01-1030x360.jpg\" width=\"1030\" height=\"360\" title='slide01' alt=''  itemprop=\"thumbnailUrl\" srcset=\"https:\/\/www.pm-schmedding.de\/wp-content\/uploads\/2013\/05\/slide01-1030x360.jpg 1030w, https:\/\/www.pm-schmedding.de\/wp-content\/uploads\/2013\/05\/slide01-300x104.jpg 300w, https:\/\/www.pm-schmedding.de\/wp-content\/uploads\/2013\/05\/slide01-450x157.jpg 450w\" sizes=\"(max-width: 1030px) 100vw, 1030px\" \/><\/a><\/li><li  class='avia-slideshow-slide av-azr-f41e78a9d0c64033de34e492caa3061d__2  slide-3 slide-odd'><a href=\"https:\/\/www.pm-schmedding.de\/?page_id=92\"  data-rel='slideshow-1' class='avia-slide-wrap '   ><div class='av-slideshow-caption av-azr-f41e78a9d0c64033de34e492caa3061d__2 avia-caption'><div class=\"avia-inner-caption\"><h2 class='avia-caption-title '  itemprop=\"name\" >Einfaches Anlegen, flexible Handhabung<\/h2><div class='avia-caption-content '  itemprop=\"description\" ><p>Sparen Sie sich langes Hantieren und Positionieren von Zurrgurten. Der Allrounder erspart Ihnen langfristig viel Zeit, Nerven und vor allem Geld!<\/p>\n<\/div><\/div><\/div><img decoding=\"async\" fetchpriority=\"high\" class=\"wp-image-122 avia-img-lazy-loading-not-122\"  src=\"https:\/\/www.pm-schmedding.de\/wp-content\/uploads\/2013\/05\/DSCN2415.jpg\" width=\"1030\" height=\"360\" title='DSCN2415' alt=''  itemprop=\"thumbnailUrl\" srcset=\"https:\/\/www.pm-schmedding.de\/wp-content\/uploads\/2013\/05\/DSCN2415.jpg 1030w, https:\/\/www.pm-schmedding.de\/wp-content\/uploads\/2013\/05\/DSCN2415-300x104.jpg 300w, https:\/\/www.pm-schmedding.de\/wp-content\/uploads\/2013\/05\/DSCN2415-450x157.jpg 450w\" sizes=\"(max-width: 1030px) 100vw, 1030px\" \/><\/a><\/li><li  class='avia-slideshow-slide av-azr-f41e78a9d0c64033de34e492caa3061d__3  slide-4 slide-even'><a href=\"https:\/\/www.pm-schmedding.de\/?page_id=92\"  data-rel='slideshow-1' class='avia-slide-wrap '   ><div class='av-slideshow-caption av-azr-f41e78a9d0c64033de34e492caa3061d__3 avia-caption'><div class=\"avia-inner-caption\"><h2 class='avia-caption-title '  itemprop=\"name\" >Optionales Zubeh\u00f6r erh\u00e4ltlich<\/h2><div class='avia-caption-content '  itemprop=\"description\" ><p>Den Life-Belt gibt es als praktisches Zubeh\u00f6r zu kaufen. Dieser erleichtert die Lagerung des Allrounders und sch\u00fctzt diesen vor dem unkontrollierten &#8222;hin und herfliegen&#8220; auf dem Transportmittel.<\/p>\n<\/div><\/div><\/div><img decoding=\"async\" fetchpriority=\"high\" class=\"wp-image-125 avia-img-lazy-loading-not-125\"  src=\"https:\/\/www.pm-schmedding.de\/wp-content\/uploads\/2013\/05\/Lifebelt-1030x360.jpg\" width=\"1030\" height=\"360\" title='Lifebelt' alt=''  itemprop=\"thumbnailUrl\" srcset=\"https:\/\/www.pm-schmedding.de\/wp-content\/uploads\/2013\/05\/Lifebelt-1030x360.jpg 1030w, https:\/\/www.pm-schmedding.de\/wp-content\/uploads\/2013\/05\/Lifebelt-300x104.jpg 300w, https:\/\/www.pm-schmedding.de\/wp-content\/uploads\/2013\/05\/Lifebelt-450x157.jpg 450w, https:\/\/www.pm-schmedding.de\/wp-content\/uploads\/2013\/05\/Lifebelt.jpg 1667w\" sizes=\"(max-width: 1030px) 100vw, 1030px\" \/><\/a><\/li><li  class='avia-slideshow-slide av-azr-f41e78a9d0c64033de34e492caa3061d__4  slide-5 slide-odd'><div data-rel='slideshow-1' class='avia-slide-wrap '   ><div class='av-slideshow-caption av-azr-f41e78a9d0c64033de34e492caa3061d__4 avia-caption'><div class=\"avia-inner-caption\"><h2 class='avia-caption-title '  itemprop=\"name\" >Sponsor des TSV Hannover-Burgdorf<\/h2><\/div><\/div><img decoding=\"async\" fetchpriority=\"high\" class=\"wp-image-1852 avia-img-lazy-loading-not-1852\"  src=\"https:\/\/www.pm-schmedding.de\/wp-content\/uploads\/2020\/07\/Banner-Recken_small-2-1210x423.png\" width=\"1210\" height=\"423\" title='Banner Recken_small' alt=''  itemprop=\"thumbnailUrl\" srcset=\"https:\/\/www.pm-schmedding.de\/wp-content\/uploads\/2020\/07\/Banner-Recken_small-2.png 1210w, https:\/\/www.pm-schmedding.de\/wp-content\/uploads\/2020\/07\/Banner-Recken_small-2-300x105.png 300w, https:\/\/www.pm-schmedding.de\/wp-content\/uploads\/2020\/07\/Banner-Recken_small-2-1030x360.png 1030w, https:\/\/www.pm-schmedding.de\/wp-content\/uploads\/2020\/07\/Banner-Recken_small-2-768x268.png 768w, https:\/\/www.pm-schmedding.de\/wp-content\/uploads\/2020\/07\/Banner-Recken_small-2-705x246.png 705w\" sizes=\"(max-width: 1210px) 100vw, 1210px\" \/><\/div><\/li><\/ul><div class='avia-slideshow-arrows avia-slideshow-controls' ><a href='#prev' class='prev-slide  avia-svg-icon avia-font-svg_entypo-fontello' data-av_svg_icon='left-open-big' data-av_iconset='svg_entypo-fontello' tabindex='-1' title=\"Zur\u00fcck\"><svg version=\"1.1\" xmlns=\"http:\/\/www.w3.org\/2000\/svg\" width=\"15\" height=\"32\" viewBox=\"0 0 15 32\" preserveAspectRatio=\"xMidYMid meet\" aria-labelledby='av-svg-title-1' aria-describedby='av-svg-desc-1' role=\"graphics-symbol\" aria-hidden=\"true\">\n<title id='av-svg-title-1'>Zur\u00fcck<\/title>\n<desc id='av-svg-desc-1'>Zur\u00fcck<\/desc>\n<path d=\"M14.464 27.84q0.832 0.832 0 1.536-0.832 0.832-1.536 0l-12.544-12.608q-0.768-0.768 0-1.6l12.544-12.608q0.704-0.832 1.536 0 0.832 0.704 0 1.536l-11.456 11.904z\"><\/path>\n<\/svg><span class='avia_hidden_link_text'>Zur\u00fcck<\/span><\/a><a href='#next' class='next-slide  avia-svg-icon avia-font-svg_entypo-fontello' data-av_svg_icon='right-open-big' data-av_iconset='svg_entypo-fontello' tabindex='-1' title=\"Weiter\"><svg version=\"1.1\" xmlns=\"http:\/\/www.w3.org\/2000\/svg\" width=\"15\" height=\"32\" viewBox=\"0 0 15 32\" preserveAspectRatio=\"xMidYMid meet\" aria-labelledby='av-svg-title-2' aria-describedby='av-svg-desc-2' role=\"graphics-symbol\" aria-hidden=\"true\">\n<title id='av-svg-title-2'>Weiter<\/title>\n<desc id='av-svg-desc-2'>Weiter<\/desc>\n<path d=\"M0.416 27.84l11.456-11.84-11.456-11.904q-0.832-0.832 0-1.536 0.832-0.832 1.536 0l12.544 12.608q0.768 0.832 0 1.6l-12.544 12.608q-0.704 0.832-1.536 0-0.832-0.704 0-1.536z\"><\/path>\n<\/svg><span class='avia_hidden_link_text'>Weiter<\/span><\/a><\/div><div class='avia-slideshow-dots avia-slideshow-controls'><a href='#1' class='goto-slide active' >1<\/a><a href='#2' class='goto-slide ' >2<\/a><a href='#3' class='goto-slide ' >3<\/a><a href='#4' class='goto-slide ' >4<\/a><a href='#5' class='goto-slide ' >5<\/a><\/div><\/div><\/div>\n<style type=\"text\/css\" data-created_by=\"avia_inline_auto\" id=\"style-css-av-pmz-0732080bd465a2922e54298bd3f8dda0\">\n.flex_column.av-pmz-0732080bd465a2922e54298bd3f8dda0{\nborder-radius:0px 0px 0px 0px;\npadding:0px 0px 0px 0px;\n}\n<\/style>\n<div  class='flex_column av-pmz-0732080bd465a2922e54298bd3f8dda0 av_one_full  avia-builder-el-2  el_after_av_one_full  el_before_av_one_half  first flex_column_div av-zero-column-padding  column-top-margin'     ><p>\n<style type=\"text\/css\" data-created_by=\"avia_inline_auto\" id=\"style-css-av-jwby63d1-0af8a04ef2f1070f23db388b72a079a5\">\n#top .av-special-heading.av-jwby63d1-0af8a04ef2f1070f23db388b72a079a5{\npadding-bottom:10px;\n}\nbody .av-special-heading.av-jwby63d1-0af8a04ef2f1070f23db388b72a079a5 .av-special-heading-tag .heading-char{\nfont-size:25px;\n}\n.av-special-heading.av-jwby63d1-0af8a04ef2f1070f23db388b72a079a5 .av-subheading{\nfont-size:15px;\n}\n<\/style>\n<div  class='av-special-heading av-jwby63d1-0af8a04ef2f1070f23db388b72a079a5 av-special-heading-h3  avia-builder-el-3  el_before_av_textblock  avia-builder-el-first '><h3 class='av-special-heading-tag '  itemprop=\"headline\"  >Unsere Premium-Produkte<\/h3><div class=\"special-heading-border\"><div class=\"special-heading-inner-border\"><\/div><\/div><\/div><br \/>\n<section  class='av_textblock_section av-h0up-23f93dfd64c5b58b42eb08455dc28815 '   itemscope=\"itemscope\" itemtype=\"https:\/\/schema.org\/CreativeWork\" ><div class='avia_textblock'  itemprop=\"text\" ><p>Wir bieten Ihnen innovative Kantenschutz- und Transportsicherungen f\u00fcr diverse Spezialgebiete. Unsere patentierten Eigenentwicklungen sind weltweit im Einsatz und \u00fcberzeugen durch durchdachte Konzepte und \u00fcberdurchschnittliche Qualit\u00e4t.<\/p>\n<\/div><\/section><\/p><\/div><\/p>\n\n<style type=\"text\/css\" data-created_by=\"avia_inline_auto\" id=\"style-css-av-5zzh-144667fda53d743ece634497f29369ed\">\n.flex_column.av-5zzh-144667fda53d743ece634497f29369ed{\nborder-radius:0px 0px 0px 0px;\npadding:0px 0px 0px 0px;\n}\n<\/style>\n<div  class='flex_column av-5zzh-144667fda53d743ece634497f29369ed av_one_half  avia-builder-el-5  el_after_av_one_full  el_before_av_one_half  first flex_column_div av-zero-column-padding  column-top-margin'     ><p>\n<style type=\"text\/css\" data-created_by=\"avia_inline_auto\" id=\"style-css-av-jwby63d1-21e0dc7581a1b8b02f83fa399ea03dcb\">\n#top .av-special-heading.av-jwby63d1-21e0dc7581a1b8b02f83fa399ea03dcb{\npadding-bottom:10px;\n}\nbody .av-special-heading.av-jwby63d1-21e0dc7581a1b8b02f83fa399ea03dcb .av-special-heading-tag .heading-char{\nfont-size:25px;\n}\n.av-special-heading.av-jwby63d1-21e0dc7581a1b8b02f83fa399ea03dcb .av-subheading{\nfont-size:15px;\n}\n<\/style>\n<div  class='av-special-heading av-jwby63d1-21e0dc7581a1b8b02f83fa399ea03dcb av-special-heading-h3  avia-builder-el-6  el_before_av_image  avia-builder-el-first '><h3 class='av-special-heading-tag '  itemprop=\"headline\"  >Allrounder<\/h3><div class=\"special-heading-border\"><div class=\"special-heading-inner-border\"><\/div><\/div><\/div><br \/>\n\n<style type=\"text\/css\" data-created_by=\"avia_inline_auto\" id=\"style-css-av-jwby7xt1-789edbd98a635492665df47eff1d19cf\">\n.avia-image-container.av-jwby7xt1-789edbd98a635492665df47eff1d19cf img.avia_image{\nbox-shadow:none;\n}\n.avia-image-container.av-jwby7xt1-789edbd98a635492665df47eff1d19cf .av-image-caption-overlay-center{\ncolor:#ffffff;\n}\n<\/style>\n<div  class='avia-image-container av-jwby7xt1-789edbd98a635492665df47eff1d19cf av-styling- av-hover-grow av-img-linked avia-align-center  avia-builder-el-7  el_after_av_heading  el_before_av_textblock '   itemprop=\"image\" itemscope=\"itemscope\" itemtype=\"https:\/\/schema.org\/ImageObject\" ><div class=\"avia-image-container-inner\"><div class=\"avia-image-overlay-wrap\"><a href=\"https:\/\/www.pm-schmedding.de\/?page_id=92\" class='avia_image '  aria-label='allrounder_einsatz_02_small'><img decoding=\"async\" fetchpriority=\"high\" class='wp-image-496 avia-img-lazy-loading-not-496 avia_image ' src=\"https:\/\/www.pm-schmedding.de\/wp-content\/uploads\/2013\/06\/allrounder_einsatz_02_small-1030x772.jpg\" alt='' title='allrounder_einsatz_02_small'  height=\"772\" width=\"1030\"  itemprop=\"thumbnailUrl\" srcset=\"https:\/\/www.pm-schmedding.de\/wp-content\/uploads\/2013\/06\/allrounder_einsatz_02_small-1030x772.jpg 1030w, https:\/\/www.pm-schmedding.de\/wp-content\/uploads\/2013\/06\/allrounder_einsatz_02_small-300x225.jpg 300w, https:\/\/www.pm-schmedding.de\/wp-content\/uploads\/2013\/06\/allrounder_einsatz_02_small-450x337.jpg 450w, https:\/\/www.pm-schmedding.de\/wp-content\/uploads\/2013\/06\/allrounder_einsatz_02_small.jpg 1200w\" sizes=\"(max-width: 1030px) 100vw, 1030px\" \/><\/a><\/div><\/div><\/div><br \/>\n<section  class='av_textblock_section av-jwbyt8x0-ef2bb20383379db22dd6e9344b58af09 '   itemscope=\"itemscope\" itemtype=\"https:\/\/schema.org\/CreativeWork\" ><div class='avia_textblock'  itemprop=\"text\" ><p>Der Allrounder findet seinen Einsatz im Transportgewerbe. Einfache Handhabung, Langlebigkeit, langfristige Kostenersparnis und T\u00dcV-zertifizierte Sicherheit sind nur einige Punkte, die diesen Kantenschutzwinkel von den Standardprodukten in der Ladungssicherung abheben. Auf der <a href=\"https:\/\/www.pm-schmedding.de\/?page_id=92\">Produktseite<\/a> finden Sie alle Informationen rund um diesen herausragenden Kantenschutz.<\/p>\n<\/div><\/section><\/p><\/div>\n\n<style type=\"text\/css\" data-created_by=\"avia_inline_auto\" id=\"style-css-av-45zn-7e0d824e8b7be4faef4f88678f6b3912\">\n.flex_column.av-45zn-7e0d824e8b7be4faef4f88678f6b3912{\nborder-radius:0px 0px 0px 0px;\npadding:0px 0px 0px 0px;\n}\n<\/style>\n<div  class='flex_column av-45zn-7e0d824e8b7be4faef4f88678f6b3912 av_one_half  avia-builder-el-9  el_after_av_one_half  el_before_av_one_full  flex_column_div av-zero-column-padding  column-top-margin'     ><p>\n<style type=\"text\/css\" data-created_by=\"avia_inline_auto\" id=\"style-css-av-jwby63d1-172993852706cd92e9f326db6f1d323b\">\n#top .av-special-heading.av-jwby63d1-172993852706cd92e9f326db6f1d323b{\npadding-bottom:10px;\n}\nbody .av-special-heading.av-jwby63d1-172993852706cd92e9f326db6f1d323b .av-special-heading-tag .heading-char{\nfont-size:25px;\n}\n.av-special-heading.av-jwby63d1-172993852706cd92e9f326db6f1d323b .av-subheading{\nfont-size:15px;\n}\n<\/style>\n<div  class='av-special-heading av-jwby63d1-172993852706cd92e9f326db6f1d323b av-special-heading-h3  avia-builder-el-10  el_before_av_image  avia-builder-el-first '><h3 class='av-special-heading-tag '  itemprop=\"headline\"  >S-SF<\/h3><div class=\"special-heading-border\"><div class=\"special-heading-inner-border\"><\/div><\/div><\/div><br \/>\n\n<style type=\"text\/css\" data-created_by=\"avia_inline_auto\" id=\"style-css-av-jwbyfp06-c945aa37054ec3f25be67a4db7c4f692\">\n.avia-image-container.av-jwbyfp06-c945aa37054ec3f25be67a4db7c4f692 img.avia_image{\nbox-shadow:none;\n}\n.avia-image-container.av-jwbyfp06-c945aa37054ec3f25be67a4db7c4f692 .av-image-caption-overlay-center{\ncolor:#ffffff;\n}\n<\/style>\n<div  class='avia-image-container av-jwbyfp06-c945aa37054ec3f25be67a4db7c4f692 av-styling- av-hover-grow av-img-linked avia-align-center  avia-builder-el-11  el_after_av_heading  el_before_av_textblock '   itemprop=\"image\" itemscope=\"itemscope\" itemtype=\"https:\/\/schema.org\/ImageObject\" ><div class=\"avia-image-container-inner\"><div class=\"avia-image-overlay-wrap\"><a href=\"https:\/\/www.pm-schmedding.de\/?page_id=128\" class='avia_image '  aria-label='xxxDSC00155'><img decoding=\"async\" fetchpriority=\"high\" class='wp-image-1820 avia-img-lazy-loading-not-1820 avia_image ' src=\"https:\/\/www.pm-schmedding.de\/wp-content\/uploads\/2019\/05\/xxxDSC00155-1030x773.jpg\" alt='' title='xxxDSC00155'  height=\"773\" width=\"1030\"  itemprop=\"thumbnailUrl\" srcset=\"https:\/\/www.pm-schmedding.de\/wp-content\/uploads\/2019\/05\/xxxDSC00155-1030x773.jpg 1030w, https:\/\/www.pm-schmedding.de\/wp-content\/uploads\/2019\/05\/xxxDSC00155-300x225.jpg 300w, https:\/\/www.pm-schmedding.de\/wp-content\/uploads\/2019\/05\/xxxDSC00155-768x576.jpg 768w, https:\/\/www.pm-schmedding.de\/wp-content\/uploads\/2019\/05\/xxxDSC00155-705x529.jpg 705w, https:\/\/www.pm-schmedding.de\/wp-content\/uploads\/2019\/05\/xxxDSC00155-450x338.jpg 450w, https:\/\/www.pm-schmedding.de\/wp-content\/uploads\/2019\/05\/xxxDSC00155.jpg 1360w\" sizes=\"(max-width: 1030px) 100vw, 1030px\" \/><\/a><\/div><\/div><\/div><br \/>\n<section  class='av_textblock_section av-jwbyyng2-b98ebd54931134a6d312d6053a5c5df5 '   itemscope=\"itemscope\" itemtype=\"https:\/\/schema.org\/CreativeWork\" ><div class='avia_textblock'  itemprop=\"text\" ><p>Unsere patentierten S-SF Profile bieten Schutz f\u00fcr Triebwerksrotorstufen in den Bereichen Overhaul und Repair (MRO). Qualit\u00e4t und Sicherheit sind in der Luftfahrt oberstes Gebot. Der Einsatz unserer S-SF Profile bei den namhaftesten Airlines weltweit best\u00e4tigt unseren Anspruch an die Qualit\u00e4t unserer Produkte. Sie k\u00f6nnen sich auf der <a href=\"https:\/\/www.pm-schmedding.de\/?page_id=128\">Produktseite <\/a>selber \u00fcberzeugen.<\/p>\n<\/div><\/section><\/p><\/div>\n<div  class='flex_column av-hgd1-9adff354539b291e29330944394077a7 av_one_full  avia-builder-el-13  el_after_av_one_half  avia-builder-el-last  first flex_column_div  column-top-margin'     ><\/div>\n","protected":false},"excerpt":{"rendered":"","protected":false},"author":1,"featured_media":0,"parent":0,"menu_order":0,"comment_status":"open","ping_status":"open","template":"","meta":{"footnotes":""},"class_list":["post-7","page","type-page","status-publish","hentry"],"_links":{"self":[{"href":"https:\/\/www.pm-schmedding.de\/index.php?rest_route=\/wp\/v2\/pages\/7","targetHints":{"allow":["GET"]}}],"collection":[{"href":"https:\/\/www.pm-schmedding.de\/index.php?rest_route=\/wp\/v2\/pages"}],"about":[{"href":"https:\/\/www.pm-schmedding.de\/index.php?rest_route=\/wp\/v2\/types\/page"}],"author":[{"embeddable":true,"href":"https:\/\/www.pm-schmedding.de\/index.php?rest_route=\/wp\/v2\/users\/1"}],"replies":[{"embeddable":true,"href":"https:\/\/www.pm-schmedding.de\/index.php?rest_route=%2Fwp%2Fv2%2Fcomments&post=7"}],"version-history":[{"count":60,"href":"https:\/\/www.pm-schmedding.de\/index.php?rest_route=\/wp\/v2\/pages\/7\/revisions"}],"predecessor-version":[{"id":1853,"href":"https:\/\/www.pm-schmedding.de\/index.php?rest_route=\/wp\/v2\/pages\/7\/revisions\/1853"}],"wp:attachment":[{"href":"https:\/\/www.pm-schmedding.de\/index.php?rest_route=%2Fwp%2Fv2%2Fmedia&parent=7"}],"curies":[{"name":"wp","href":"https:\/\/api.w.org\/{rel}","templated":true}]}}