{"id":77,"date":"2013-06-06T22:39:08","date_gmt":"2013-06-06T20:39:08","guid":{"rendered":"http:\/\/pm-schmedding.com\/?page_id=77"},"modified":"2014-07-31T15:25:39","modified_gmt":"2014-07-31T13:25:39","slug":"uber-uns","status":"publish","type":"page","link":"https:\/\/www.pm-schmedding.de\/?page_id=77","title":{"rendered":"\u00dcber uns"},"content":{"rendered":"<div  class='flex_column av-av_two_third-2a9015ff38129c418a3f2eafba3e9512 av_two_third  avia-builder-el-0  el_before_av_one_third  avia-builder-el-first  first flex_column_div  '     ><section  class='av_textblock_section av-av_textblock-aaf3a53f7e22769a7798f31e42769683 '   itemscope=\"itemscope\" itemtype=\"https:\/\/schema.org\/CreativeWork\" ><div class='avia_textblock'  itemprop=\"text\" ><p>Flexibilit\u00e4t und Kompetenz sind die Kennzeichen unseres Leistungsspektrums. Ausgerichtet an dem Bedarf unserer Kunden entwickeln und fertigen wir Pr\u00e4zisionsteile aus Kunststoffen. Durch eine konsequente Vorentwicklung und Projektierung stellen wir f\u00fcr unsere Kunden sicher, in der Entwicklung, Werkstoffwahl und Fertigung modernste Methoden und Prozesse zu bieten.<\/p>\n<p>Praktikable und professionelle Kantenschutzl\u00f6sungen f\u00fcr viele Industriebereiche insbesondere in der Logistik-, Verpackungs- und Service \/ Reparaturbranche sowie f\u00fcr den Ladungssicherungsbereich, die prim\u00e4r der Sicherheit und dem Schutz vor Verletzungen sowie den kundenspezifischen und deren individuellen Vorgaben dienen, sind seit langem unser &#8222;t\u00e4gliches Brot&#8220;.<\/p>\n<p>T\u00e4tig sind wir f\u00fcr den gro\u00dfen Bedarfssektor der Reparatur-, Lohn- und Service Komponentenbetriebe (Engine Overhaul) im Luftffahrtbereich (MRO) sowie f\u00fcr den allgemeinen Logistikbereich wenn es um bestimmte und spezielle Komponenten des Kantenschutzes bei der Ladungssicherung geht.<\/p>\n<p>Letztendlich stehen f\u00fcr uns absolut vorrangig die von unseren Kunden in den Fertigungs-, Service-, Logistik-, Verpackungs- und vielen Produktionsbereichen geforderten Schutz- und Sicherheitskriterien im Vordergrund.<\/p>\n<\/div><\/section><\/div>\n<div  class='flex_column av-av_one_third-1c47c10d9dd6b9bc0b68f292c1cf5942 av_one_third  avia-builder-el-2  el_after_av_two_third  el_before_av_one_fourth  flex_column_div  '     ><style type=\"text\/css\" data-created_by=\"avia_inline_auto\" id=\"style-css-av-av_image-358ea44f637661092847a4db6cf06025\">\n.avia-image-container.av-av_image-358ea44f637661092847a4db6cf06025 img.avia_image{\nbox-shadow:none;\n}\n.avia-image-container.av-av_image-358ea44f637661092847a4db6cf06025 .av-image-caption-overlay-center{\ncolor:#ffffff;\n}\n<\/style>\n<div  class='avia-image-container av-av_image-358ea44f637661092847a4db6cf06025 av-styling- avia-align-center  avia-builder-el-3  avia-builder-el-no-sibling '   itemprop=\"image\" itemscope=\"itemscope\" itemtype=\"https:\/\/schema.org\/ImageObject\" ><div class=\"avia-image-container-inner\"><div class=\"avia-image-overlay-wrap\"><img decoding=\"async\" width=\"693\" height=\"693\" fetchpriority=\"high\" class='wp-image-814 avia-img-lazy-loading-not-814 avia_image ' src=\"http:\/\/pm-schmedding.com\/wp-content\/uploads\/2013\/06\/uns_01.jpg\" alt='' title='L\u00f6sung, 3D, Kugel, Suchbegriffe, Schl\u00fcsselw\u00f6rter, Text'   itemprop=\"thumbnailUrl\" srcset=\"https:\/\/www.pm-schmedding.de\/wp-content\/uploads\/2013\/06\/uns_01.jpg 693w, https:\/\/www.pm-schmedding.de\/wp-content\/uploads\/2013\/06\/uns_01-80x80.jpg 80w, https:\/\/www.pm-schmedding.de\/wp-content\/uploads\/2013\/06\/uns_01-300x300.jpg 300w, https:\/\/www.pm-schmedding.de\/wp-content\/uploads\/2013\/06\/uns_01-36x36.jpg 36w, https:\/\/www.pm-schmedding.de\/wp-content\/uploads\/2013\/06\/uns_01-180x180.jpg 180w, https:\/\/www.pm-schmedding.de\/wp-content\/uploads\/2013\/06\/uns_01-120x120.jpg 120w, https:\/\/www.pm-schmedding.de\/wp-content\/uploads\/2013\/06\/uns_01-450x450.jpg 450w\" sizes=\"(max-width: 693px) 100vw, 693px\" \/><\/div><\/div><\/div><\/div><div  class='flex_column av-av_one_fourth-2a9015ff38129c418a3f2eafba3e9512 av_one_fourth  avia-builder-el-4  el_after_av_one_third  avia-builder-el-last  first flex_column_div  column-top-margin'     ><\/div><\/p>\n","protected":false},"excerpt":{"rendered":"","protected":false},"author":1,"featured_media":0,"parent":2,"menu_order":0,"comment_status":"open","ping_status":"open","template":"","meta":{"footnotes":""},"class_list":["post-77","page","type-page","status-publish","hentry"],"_links":{"self":[{"href":"https:\/\/www.pm-schmedding.de\/index.php?rest_route=\/wp\/v2\/pages\/77","targetHints":{"allow":["GET"]}}],"collection":[{"href":"https:\/\/www.pm-schmedding.de\/index.php?rest_route=\/wp\/v2\/pages"}],"about":[{"href":"https:\/\/www.pm-schmedding.de\/index.php?rest_route=\/wp\/v2\/types\/page"}],"author":[{"embeddable":true,"href":"https:\/\/www.pm-schmedding.de\/index.php?rest_route=\/wp\/v2\/users\/1"}],"replies":[{"embeddable":true,"href":"https:\/\/www.pm-schmedding.de\/index.php?rest_route=%2Fwp%2Fv2%2Fcomments&post=77"}],"version-history":[{"count":12,"href":"https:\/\/www.pm-schmedding.de\/index.php?rest_route=\/wp\/v2\/pages\/77\/revisions"}],"predecessor-version":[{"id":815,"href":"https:\/\/www.pm-schmedding.de\/index.php?rest_route=\/wp\/v2\/pages\/77\/revisions\/815"}],"up":[{"embeddable":true,"href":"https:\/\/www.pm-schmedding.de\/index.php?rest_route=\/wp\/v2\/pages\/2"}],"wp:attachment":[{"href":"https:\/\/www.pm-schmedding.de\/index.php?rest_route=%2Fwp%2Fv2%2Fmedia&parent=77"}],"curies":[{"name":"wp","href":"https:\/\/api.w.org\/{rel}","templated":true}]}}